{"id":3496,"date":"2021-12-08T17:20:32","date_gmt":"2021-12-08T15:20:32","guid":{"rendered":"https:\/\/provenconcept.nl\/alle-produkte\/"},"modified":"2022-03-16T19:59:06","modified_gmt":"2022-03-16T17:59:06","slug":"alle-produkte","status":"publish","type":"page","link":"https:\/\/provenconcept.nl\/de\/alle-produkte\/","title":{"rendered":"Alle Produkte"},"content":{"rendered":"\t\t<div data-elementor-type=\"wp-page\" data-elementor-id=\"3496\" class=\"elementor elementor-3496 elementor-3157\">\n\t\t\t\t\t\t<div class=\"elementor-inner\">\n\t\t\t\t<div class=\"elementor-section-wrap\">\n\t\t\t\t\t\t\t\t\t<section class=\"elementor-section elementor-top-section elementor-element elementor-element-324479a elementor-section-boxed elementor-section-height-default elementor-section-height-default\" data-id=\"324479a\" data-element_type=\"section\">\n\t\t\t\t\t\t<div class=\"elementor-container elementor-column-gap-default\">\n\t\t\t\t\t\t\t<div class=\"elementor-row\">\n\t\t\t\t\t<div class=\"aux-parallax-section elementor-column elementor-col-50 elementor-top-column elementor-element elementor-element-d154f42\" data-id=\"d154f42\" data-element_type=\"column\">\n\t\t\t<div class=\"elementor-column-wrap elementor-element-populated\">\n\t\t\t\t\t\t\t<div class=\"elementor-widget-wrap\">\n\t\t\t\t\t\t<div class=\"elementor-element elementor-element-3069520 elementor-widget elementor-widget-bdt-wc-products\" data-id=\"3069520\" data-element_type=\"widget\" data-widget_type=\"bdt-wc-products.default\">\n\t\t\t\t<div class=\"elementor-widget-container\">\n\t\t\t\t\t<div class=\"bdt-wc-products bdt-wc-products-skin-default\">\r\n\r\n\t\t\t\t\t\t<div data-bdt-grid=\"\" class=\"bdt-wc-products-wrapper bdt-grid bdt-grid-medium bdt-child-width-1-2@m bdt-child-width-1-2@s bdt-child-width-1-1\" id=\"bdt-wc-product-3069520\" data-bdt-scrollspy=\"cls: bdt-animation-fade; delay: 200; target: &gt; div &gt; .bdt-wc-product-inner;\">\r\n\t\t\t\t\r\n\t\t\t\t\t\r\n\t\t\t\t\t<div class=\"bdt-wc-product\">\r\n\t\t\t\t\t\t<div class=\"bdt-wc-product-inner\">\r\n\r\n\t\t\t\t\t\t\t\t\t\t\t\t\t\t\t<div class=\"bdt-badge bdt-position-top-left bdt-position-small\">\r\n\t\t\t\t\t\t\t\t\t<span class=\"onsale\">Sale!<\/span>\t\t\t\t\t\t\t\t<\/div>\r\n\t\t\t\t\t\t\t\r\n\t\t\t\t\t\t\t\t\t<div class=\"bdt-wc-product-image bdt-position-relative bdt-background-cover\">\r\n\t\t\t<a href=\"https:\/\/provenconcept.nl\/de\/produkt\/kissen-spray-gute-nacht-wertpaket\/\">\r\n\t\t\t\t<img decoding=\"async\" src=\"https:\/\/provenconcept.nl\/wp-content\/uploads\/2021\/12\/pillowspray-bulk-300x300.png\" alt=\"Kissenspray GoodNight &#8211; Vorteilspaket\" title=\"\">\r\n\t\t\t<\/a>\r\n\r\n\t\t\t\t\t\t\t<div class=\"bdt-wc-add-to-cart \">\r\n\t\t\t\t\t\t\t\t<a href=\"?add-to-cart=3508\" data-quantity=\"1\" class=\"button aux-ajax-add-to-cart product_type_simple add_to_cart_button\" data-product_id=\"3508\" data-product_sku=\"wc_post_id_160-1\" aria-label=\"Add &ldquo;Kissenspray GoodNight - Vorteilspaket&rdquo; to your cart\" rel=\"nofollow\" data-product-type=\"simple\" data-verify_nonce=\"683311c5a5\">In den Warenkorb legen <i class=\"button-icon eicon-arrow-right\"><\/i><\/a>\t\t\r\n\t\t\t\t<\/div>\r\n\t\t\t\t\t<\/div>\r\n\t\t\r\n\t\t\t\t\t\t\t\t\t\t<div class=\"bdt-quick-view \">\r\n\t\t\t\t<input type=\"hidden\" id=\"bdt-wc-product-modal-sc\" name=\"bdt-wc-product-modal-sc\" value=\"71085c6c34\" \/><input type=\"hidden\" name=\"_wp_http_referer\" value=\"\/de\/wp-json\/wp\/v2\/pages\/3496\" \/>\t\t\t\t<input type=\"hidden\" class=\"bdt_modal_spinner_message\" value=\"Please wait...\" \/>\r\n\t\t\t\t<a href=\"javascript:void(0)\" data-id=\"3508\" data-bdt-tooltip=\"title: Quick View; pos: left;\">\r\n\t\t\t\t\t<i class=\"ep-icon-eye\"><\/i>\r\n\t\t\t\t<\/a>\r\n\t\t\t<\/div>\r\n\t\t\r\n\t\t\t\t\t\t\t<div class=\"bdt-wc-product-desc\">\r\n\t\t\t\t\t\t\t\t\t\t\t\t\t\t\t\t\t<h2 class=\"bdt-wc-product-title\">\r\n\t\t\t\t\t\t\t\t\t\t<a href=\"https:\/\/provenconcept.nl\/de\/produkt\/kissen-spray-gute-nacht-wertpaket\/\" class=\"bdt-link-reset\">\r\n\t\t\t\t\t\t\t\t\t\t\tKissenspray GoodNight &#8211; Vorteilspaket\t\t\t\t\t\t\t\t\t\t<\/a>\r\n\t\t\t\t\t\t\t\t\t<\/h2>\r\n\t\t\t\t\t\t\t\t\r\n\t\t\t\t\t\t\t\t\t\t\t\t\t\t\t\t\t\t\t\t\t\t\t\t\t\t\t<div class=\"bdt-wc-product-price\">\r\n\t\t\t\t\t\t\t\t\t\t\t<p class=\"price\"><ins><span class=\"woocommerce-Price-amount amount\"><bdi><span class=\"woocommerce-Price-currencySymbol\">&euro;<\/span>69.95<\/bdi><\/span><\/ins> <del><span class=\"woocommerce-Price-amount amount\"><bdi><span class=\"woocommerce-Price-currencySymbol\">&euro;<\/span>87.80<\/bdi><\/span><\/del><\/p>\n\t\t\t\t\t\t\t\t\t\t<\/div>\r\n\t\t\t\t\t\t\t\t\t\r\n\t\t\t\t\t\t\t\t\t\t\t\t\t\t\t\t\t\t\t<div class=\"bdt-wc-rating\">\r\n\t\t\t\t\t\t\t\t\t\t\t<div class=\"aux-rating-box aux-star-rating\"><span class=\"aux-star-rating-avg\" style=\"width: 100%\"><\/span><\/div>\t\t\t\t\t\t\t\t\t\t<\/div>\r\n\t\t\t\t\t\t\t\t\t\t\t\t\t\t\t\t\t\t\t\t\t\t\t\t<\/div>\r\n\r\n\t\t\t\t\t\t<\/div>\r\n\t\t\t\t\t<\/div>\r\n\t\t\t\t\r\n\t\t\t\t\t\r\n\t\t\t\t\t<div class=\"bdt-wc-product\">\r\n\t\t\t\t\t\t<div class=\"bdt-wc-product-inner\">\r\n\r\n\t\t\t\t\t\t\t\r\n\t\t\t\t\t\t\t\t\t<div class=\"bdt-wc-product-image bdt-position-relative bdt-background-cover\">\r\n\t\t\t<a href=\"https:\/\/provenconcept.nl\/de\/produkt\/gute-nacht-kissenspray\/\">\r\n\t\t\t\t<img decoding=\"async\" src=\"https:\/\/provenconcept.nl\/wp-content\/uploads\/2021\/11\/transparent-pillowspray-300x300.png\" alt=\"Kissenspray Gute Nacht\" title=\"\">\r\n\t\t\t<\/a>\r\n\r\n\t\t\t\t\t\t\t<div class=\"bdt-wc-add-to-cart \">\r\n\t\t\t\t\t\t\t\t<a href=\"?add-to-cart=3510\" data-quantity=\"1\" class=\"button aux-ajax-add-to-cart product_type_simple add_to_cart_button\" data-product_id=\"3510\" data-product_sku=\"wc_post_id_160\" aria-label=\"Add &ldquo;Kissenspray Gute Nacht&rdquo; to your cart\" rel=\"nofollow\" data-product-type=\"simple\" data-verify_nonce=\"5604c8e9d8\">In den Warenkorb legen <i class=\"button-icon eicon-arrow-right\"><\/i><\/a>\t\t\r\n\t\t\t\t<\/div>\r\n\t\t\t\t\t<\/div>\r\n\t\t\r\n\t\t\t\t\t\t\t\t\t\t<div class=\"bdt-quick-view \">\r\n\t\t\t\t<input type=\"hidden\" id=\"bdt-wc-product-modal-sc\" name=\"bdt-wc-product-modal-sc\" value=\"71085c6c34\" \/><input type=\"hidden\" name=\"_wp_http_referer\" value=\"\/de\/wp-json\/wp\/v2\/pages\/3496\" \/>\t\t\t\t<input type=\"hidden\" class=\"bdt_modal_spinner_message\" value=\"Please wait...\" \/>\r\n\t\t\t\t<a href=\"javascript:void(0)\" data-id=\"3510\" data-bdt-tooltip=\"title: Quick View; pos: left;\">\r\n\t\t\t\t\t<i class=\"ep-icon-eye\"><\/i>\r\n\t\t\t\t<\/a>\r\n\t\t\t<\/div>\r\n\t\t\r\n\t\t\t\t\t\t\t<div class=\"bdt-wc-product-desc\">\r\n\t\t\t\t\t\t\t\t\t\t\t\t\t\t\t\t\t<h2 class=\"bdt-wc-product-title\">\r\n\t\t\t\t\t\t\t\t\t\t<a href=\"https:\/\/provenconcept.nl\/de\/produkt\/gute-nacht-kissenspray\/\" class=\"bdt-link-reset\">\r\n\t\t\t\t\t\t\t\t\t\t\tKissenspray Gute Nacht\t\t\t\t\t\t\t\t\t\t<\/a>\r\n\t\t\t\t\t\t\t\t\t<\/h2>\r\n\t\t\t\t\t\t\t\t\r\n\t\t\t\t\t\t\t\t\t\t\t\t\t\t\t\t\t\t\t\t\t\t\t\t\t\t\t<div class=\"bdt-wc-product-price\">\r\n\t\t\t\t\t\t\t\t\t\t\t<p class=\"price\"><span class=\"woocommerce-Price-amount amount\"><bdi><span class=\"woocommerce-Price-currencySymbol\">&euro;<\/span>21.95<\/bdi><\/span><\/p>\n\t\t\t\t\t\t\t\t\t\t<\/div>\r\n\t\t\t\t\t\t\t\t\t\r\n\t\t\t\t\t\t\t\t\t\t\t\t\t\t\t\t\t\t\t<div class=\"bdt-wc-rating\">\r\n\t\t\t\t\t\t\t\t\t\t\t<div class=\"aux-rating-box aux-star-rating\"><span class=\"aux-star-rating-avg\" style=\"width: 100%\"><\/span><\/div>\t\t\t\t\t\t\t\t\t\t<\/div>\r\n\t\t\t\t\t\t\t\t\t\t\t\t\t\t\t\t\t\t\t\t\t\t\t\t<\/div>\r\n\r\n\t\t\t\t\t\t<\/div>\r\n\t\t\t\t\t<\/div>\r\n\t\t\t\t\t\t\t<\/div>\r\n\t\t\t\r\n\t\t<\/div>\r\n\t\t\t<\/div>\n\t\t\t\t<\/div>\n\t\t\t\t\t\t<\/div>\n\t\t\t\t\t<\/div>\n\t\t<\/div>\n\t\t\t\t<div class=\"aux-parallax-section elementor-column elementor-col-50 elementor-top-column elementor-element elementor-element-cdaedfa\" data-id=\"cdaedfa\" data-element_type=\"column\" data-settings=\"{&quot;background_background&quot;:&quot;classic&quot;}\">\n\t\t\t<div class=\"elementor-column-wrap elementor-element-populated\">\n\t\t\t\t\t\t\t<div class=\"elementor-widget-wrap\">\n\t\t\t\t\t\t<div class=\"elementor-element elementor-element-0da8a54 elementor-view-default elementor-widget elementor-widget-icon\" data-id=\"0da8a54\" data-element_type=\"widget\" data-widget_type=\"icon.default\">\n\t\t\t\t<div class=\"elementor-widget-container\">\n\t\t\t\t\t<div class=\"elementor-icon-wrapper\">\n\t\t\t<div class=\"elementor-icon\">\n\t\t\t<i aria-hidden=\"true\" class=\"fas fa-bed\"><\/i>\t\t\t<\/div>\n\t\t<\/div>\n\t\t\t\t<\/div>\n\t\t\t\t<\/div>\n\t\t\t\t<div class=\"elementor-element elementor-element-b3520ce elementor-widget elementor-widget-heading\" data-id=\"b3520ce\" data-element_type=\"widget\" data-widget_type=\"heading.default\">\n\t\t\t\t<div class=\"elementor-widget-container\">\n\t\t\t<h2 class=\"elementor-heading-title elementor-size-default\">PRODUKTE<\/h2>\t\t<\/div>\n\t\t\t\t<\/div>\n\t\t\t\t<div class=\"elementor-element elementor-element-0487097 elementor-widget elementor-widget-text-editor\" data-id=\"0487097\" data-element_type=\"widget\" data-widget_type=\"text-editor.default\">\n\t\t\t\t<div class=\"elementor-widget-container\">\n\t\t\t\t\t\t\t\t<div class=\"elementor-text-editor elementor-clearfix\">\n\t\t\t\t<p>Das GoodNight Kissenspray wurde speziell entwickelt, um Ihren Schlaf zu verbessern. Das Produkt ist sehr sorgf\u00e4ltig formuliert und enth\u00e4lt das richtige Verh\u00e4ltnis von Lavendel und Baldrian. Das Spray wird in den Niederlanden hergestellt. So k\u00f6nnen wir eine gleichbleibende h\u00f6he Qualit\u00e4t garantieren. Sie k\u00f6nnen Einzelpackungen und Sparpackungen w\u00e4hlen.<\/p>\t\t\t\t\t<\/div>\n\t\t\t\t\t\t<\/div>\n\t\t\t\t<\/div>\n\t\t\t\t\t\t<\/div>\n\t\t\t\t\t<\/div>\n\t\t<\/div>\n\t\t\t\t\t\t\t\t<\/div>\n\t\t\t\t\t<\/div>\n\t\t<\/section>\n\t\t\t\t\t\t\t\t\t<\/div>\n\t\t\t<\/div>\n\t\t\t\t\t<\/div>\n\t\t","protected":false},"excerpt":{"rendered":"<p>Sale! Add to Cart Pillow Spray GoodNight &#8211; Voordeelverpakking &euro;69.95 &euro;87.80 Add to Cart Pillow Spray GoodNight &euro;21.95 PRODUKTE Das GoodNight Kissenspray wurde speziell entwickelt, um Ihren Schlaf zu verbessern. Das Produkt ist sehr sorgf\u00e4ltig formuliert und enth\u00e4lt das richtige Verh\u00e4ltnis von Lavendel und Baldrian. Das Spray wird in den Niederlanden hergestellt. So k\u00f6nnen wir [&hellip;]<\/p>\n","protected":false},"author":1,"featured_media":0,"parent":0,"menu_order":0,"comment_status":"closed","ping_status":"closed","template":"","meta":{"footnotes":""},"class_list":["post-3496","page","type-page","status-publish","hentry"],"_links":{"self":[{"href":"https:\/\/provenconcept.nl\/de\/wp-json\/wp\/v2\/pages\/3496","targetHints":{"allow":["GET"]}}],"collection":[{"href":"https:\/\/provenconcept.nl\/de\/wp-json\/wp\/v2\/pages"}],"about":[{"href":"https:\/\/provenconcept.nl\/de\/wp-json\/wp\/v2\/types\/page"}],"author":[{"embeddable":true,"href":"https:\/\/provenconcept.nl\/de\/wp-json\/wp\/v2\/users\/1"}],"replies":[{"embeddable":true,"href":"https:\/\/provenconcept.nl\/de\/wp-json\/wp\/v2\/comments?post=3496"}],"version-history":[{"count":10,"href":"https:\/\/provenconcept.nl\/de\/wp-json\/wp\/v2\/pages\/3496\/revisions"}],"predecessor-version":[{"id":3799,"href":"https:\/\/provenconcept.nl\/de\/wp-json\/wp\/v2\/pages\/3496\/revisions\/3799"}],"wp:attachment":[{"href":"https:\/\/provenconcept.nl\/de\/wp-json\/wp\/v2\/media?parent=3496"}],"curies":[{"name":"wp","href":"https:\/\/api.w.org\/{rel}","templated":true}]}}