{"id":3510,"date":"2021-02-26T13:03:54","date_gmt":"2021-02-26T11:03:54","guid":{"rendered":"https:\/\/provenconcept.nl\/product\/kissenspray-gute-nacht\/"},"modified":"2026-02-05T18:08:02","modified_gmt":"2026-02-05T16:08:02","slug":"gute-nacht-kissenspray","status":"publish","type":"product","link":"https:\/\/provenconcept.nl\/de\/produkt\/gute-nacht-kissenspray\/","title":{"rendered":"Kissenspray Gute Nacht"},"content":{"rendered":"<dl>\n<dt>\n<h2>Schlafen Sie schlecht? Dann k\u00f6nnen wir Ihnen helfen.<\/h2>\n<\/dt>\n<\/dl>\n<p><strong>Beschreibung<\/strong><br \/>\nDas GoodNight Kissenspray wurde speziell f\u00fcr einen erholsamen Schlaf entwickelt. Das Spray ist 100 % nat\u00fcrlich und enth\u00e4lt die \u00e4therischen \u00d6le Baldrian und Lavendel. In der richtigen Zusammensetzung sorgen diese \u00e4therischen \u00d6le f\u00fcr schnelles Einschlafen.<br \/>\nDer Duft von Lavendel gibt ein beruhigendes Gef\u00fchl. Baldrian sorgt f\u00fcr schnelles Einschlafen. Es sorgt auch daf\u00fcr, dass Sie besser oder l\u00e4nger schlafen.<\/p>\n<p><strong>Verwendung<\/strong><br \/>\nSpr\u00fchen Sie vor dem Schlafengehen zwei Sekunden lang auf Ihr Kopfkissen und eventuell Ihre Bettdecke.<\/p>\n<p style=\"text-align: left;\"><strong>Inhaltsstoffe des Kissensprays<\/strong><br \/>\nGetreidealkohol, Lavendelpflanzen\u00f6l, \u00e4therisches Baldrian\u00f6l, Linalool, Limonen, Cumarin, Geraniol<\/p>\n<p>Wenn Sie mehr als 1 Paket bestellen, erhalten Sie einen Stapelrabatt von bis zu 14 Prozent!<\/p>\n<dl>\n<dt>\n<table class=\"stacktable\">\n<tbody>\n<tr class=\"\">\n<th class=\"\">H\u00f6he<\/th>\n<th class=\"\">Stapelrabatt<\/th>\n<\/tr>\n<tr class=\"\">\n<td class=\"\">1x 21,95 \u20ac<\/td>\n<td class=\"\">0% Rabatt<\/td>\n<\/tr>\n<tr class=\"\">\n<td class=\"\">2x 20,95 \u20ac<\/td>\n<td class=\"\">5% Rabatt<\/td>\n<\/tr>\n<tr class=\"\">\n<td class=\"\">3x 19,95 \u20ac<\/td>\n<td class=\"\">9% Rabatt<\/td>\n<\/tr>\n<tr class=\"\">\n<td class=\"\">4x 18,95 \u20ac<\/td>\n<td class=\"\">14% Rabatt<\/td>\n<\/tr>\n<\/tbody>\n<\/table>\n<\/dt>\n<\/dl>\n<p>&nbsp;<\/p>\n","protected":false},"excerpt":{"rendered":"<div class=\"widget-container aux-widget-responsive-table\">\n<div class=\"widget-inner\">\n<p>Das GoodNight Kissenspray wurde speziell f\u00fcr einen erholsamen Schlaf entwickelt. Das Spray ist 100 % nat\u00fcrlich und enth\u00e4lt die \u00e4therischen \u00d6le Baldrian und Lavendel.<\/p>\n<dl>\n<dt>\u2713Hilft schneller einzuschlafen<\/dt>\n<dt>\u2713 Hilft l\u00e4nger zu schlafen<\/dt>\n<dt>\u2713 Hilft fitter aufzuwachen<\/dt>\n<dt>\u2713 100 % nat\u00fcrlich<\/dt>\n<dt>\u2713 Mehr als genug f\u00fcr 3 Monate<\/dt>\n<\/dl>\n<\/div>\n<\/div>\n<dl>\n<dt><\/dt>\n<\/dl>\n","protected":false},"featured_media":3470,"comment_status":"open","ping_status":"closed","template":"","meta":[],"product_cat":[33],"product_tag":[],"class_list":["post-3510","product","type-product","status-publish","has-post-thumbnail","hentry","product_cat-nicht-kategorisiert"],"_links":{"self":[{"href":"https:\/\/provenconcept.nl\/de\/wp-json\/wp\/v2\/product\/3510","targetHints":{"allow":["GET"]}}],"collection":[{"href":"https:\/\/provenconcept.nl\/de\/wp-json\/wp\/v2\/product"}],"about":[{"href":"https:\/\/provenconcept.nl\/de\/wp-json\/wp\/v2\/types\/product"}],"replies":[{"embeddable":true,"href":"https:\/\/provenconcept.nl\/de\/wp-json\/wp\/v2\/comments?post=3510"}],"wp:featuredmedia":[{"embeddable":true,"href":"https:\/\/provenconcept.nl\/de\/wp-json\/wp\/v2\/media\/3470"}],"wp:attachment":[{"href":"https:\/\/provenconcept.nl\/de\/wp-json\/wp\/v2\/media?parent=3510"}],"wp:term":[{"taxonomy":"product_cat","embeddable":true,"href":"https:\/\/provenconcept.nl\/de\/wp-json\/wp\/v2\/product_cat?post=3510"},{"taxonomy":"product_tag","embeddable":true,"href":"https:\/\/provenconcept.nl\/de\/wp-json\/wp\/v2\/product_tag?post=3510"}],"curies":[{"name":"wp","href":"https:\/\/api.w.org\/{rel}","templated":true}]}}